{"id":2598,"date":"2018-05-14T11:35:36","date_gmt":"2018-05-14T16:35:36","guid":{"rendered":"http:\/\/www.cristinacarrillo.com.pa\/?page_id=2598"},"modified":"2018-05-14T11:36:42","modified_gmt":"2018-05-14T16:36:42","slug":"beneficios-del-acro-contorsionismo","status":"publish","type":"page","link":"https:\/\/www.cristinacarrillo.com.pa\/?page_id=2598","title":{"rendered":"Beneficios del Acro-Contorsionismo"},"content":{"rendered":"<p style=\"text-align: justify;\">El contorsionismo es la pr\u00e1ctica de diversos ejercicios (o contorsiones) en los que personas con gran elasticidad y\/o flexibilidad (contorsionistas) adoptan ciertas posturas de enorme dificultad y pr\u00e1cticamente imposibles para la gran mayor\u00eda de las personas; la esencia de estas posturas radica fundamentalmente en doblar las articulaciones en sentido inverso con facilidad o bien prolongar el margen din\u00e1mico del movimiento natural en ellas.<\/p>\n<p style=\"text-align: justify;\">La pr\u00e1ctica del contorsionismo constituye un espect\u00e1culo ampliamente reconocido y admirado en todo el mundo. Desde la antig\u00fcedad, ha perdurado hasta nuestros d\u00edas encontr\u00e1ndose contorsionistas en la mayor\u00eda de los circos que a\u00fan recorren el mundo. A medida que se ha ido consolidando Internet como punto de encuentro, son muchas las personas nunca iniciadas que osan probar su flexibilidad o intercambian experiencias en diversos foros, por lo que cabe pensar que el contorsionismo perdurar\u00e1 en el futuro.<\/p>\n<p style=\"text-align: justify;\">\n","protected":false},"excerpt":{"rendered":"<p>El contorsionismo es la pr\u00e1ctica de diversos ejercicios (o contorsiones) en los que personas con gran elasticidad y\/o flexibilidad (contorsionistas) adoptan ciertas posturas de enorme dificultad y pr\u00e1cticamente imposibles para la gran mayor\u00eda de las personas; la esencia de estas posturas radica fundamentalmente en doblar las articulaciones en sentido inverso con facilidad o bien prolongar [&hellip;]<\/p>\n","protected":false},"author":2,"featured_media":0,"parent":1337,"menu_order":8,"comment_status":"closed","ping_status":"closed","template":"","meta":{"footnotes":""},"_links":{"self":[{"href":"https:\/\/www.cristinacarrillo.com.pa\/index.php?rest_route=\/wp\/v2\/pages\/2598"}],"collection":[{"href":"https:\/\/www.cristinacarrillo.com.pa\/index.php?rest_route=\/wp\/v2\/pages"}],"about":[{"href":"https:\/\/www.cristinacarrillo.com.pa\/index.php?rest_route=\/wp\/v2\/types\/page"}],"author":[{"embeddable":true,"href":"https:\/\/www.cristinacarrillo.com.pa\/index.php?rest_route=\/wp\/v2\/users\/2"}],"replies":[{"embeddable":true,"href":"https:\/\/www.cristinacarrillo.com.pa\/index.php?rest_route=%2Fwp%2Fv2%2Fcomments&post=2598"}],"version-history":[{"count":2,"href":"https:\/\/www.cristinacarrillo.com.pa\/index.php?rest_route=\/wp\/v2\/pages\/2598\/revisions"}],"predecessor-version":[{"id":2600,"href":"https:\/\/www.cristinacarrillo.com.pa\/index.php?rest_route=\/wp\/v2\/pages\/2598\/revisions\/2600"}],"up":[{"embeddable":true,"href":"https:\/\/www.cristinacarrillo.com.pa\/index.php?rest_route=\/wp\/v2\/pages\/1337"}],"wp:attachment":[{"href":"https:\/\/www.cristinacarrillo.com.pa\/index.php?rest_route=%2Fwp%2Fv2%2Fmedia&parent=2598"}],"curies":[{"name":"wp","href":"https:\/\/api.w.org\/{rel}","templated":true}]}}