{"id":2608,"date":"2018-05-14T11:43:24","date_gmt":"2018-05-14T16:43:24","guid":{"rendered":"http:\/\/www.cristinacarrillo.com.pa\/?page_id=2608"},"modified":"2026-03-28T10:48:30","modified_gmt":"2026-03-28T15:48:30","slug":"beneficios-de-la-danza-aerea-o-danza-de-telas","status":"publish","type":"page","link":"https:\/\/www.cristinacarrillo.com.pa\/?page_id=2608","title":{"rendered":"Fuerza, Altura y Disciplina"},"content":{"rendered":"<h3 style=\"text-align: center;\">Beneficios: \u201cEl Arte del Movimiento: Descubre tu Potencial\u201d<\/h3>\n<hr \/>\n<ul>\n<li style=\"text-align: justify;\"><strong>Danza A\u00e9rea:<\/strong> Desaf\u00eda la gravedad y tonifica cada m\u00fasculo. Desarrolla una fuerza abdominal y de brazos impresionante, mejora el equilibrio y te brinda la satisfacci\u00f3n de \u00abvolar\u00bb mientras superas tus propios miedos.<\/li>\n<li style=\"text-align: justify;\"><strong>Gimnasia:<\/strong> La base de la potencia f\u00edsica. Desarrolla una elasticidad envidiable, fuerza explosiva y una coordinaci\u00f3n de precisi\u00f3n milim\u00e9trica. Es el pilar para cualquier disciplina que requiera destreza f\u00edsica.<\/li>\n<li style=\"text-align: justify;\"><strong>Preparaci\u00f3n F\u00edsica:<\/strong> Es el motor que potencia todo lo dem\u00e1s. Aumenta la resistencia, previene lesiones y asegura que tu cuerpo est\u00e9 listo para rendir al m\u00e1ximo nivel en cualquier disciplina art\u00edstica o deportiva.<\/li>\n<\/ul>\n","protected":false},"excerpt":{"rendered":"<p>Beneficios: \u201cEl Arte del Movimiento: Descubre tu Potencial\u201d Danza A\u00e9rea: Desaf\u00eda la gravedad y tonifica cada m\u00fasculo. Desarrolla una fuerza abdominal y de brazos impresionante, mejora el equilibrio y te brinda la satisfacci\u00f3n de \u00abvolar\u00bb mientras superas tus propios miedos. Gimnasia: La base de la potencia f\u00edsica. Desarrolla una elasticidad envidiable, fuerza explosiva y una [&hellip;]<\/p>\n","protected":false},"author":2,"featured_media":0,"parent":1337,"menu_order":12,"comment_status":"closed","ping_status":"closed","template":"","meta":{"footnotes":""},"_links":{"self":[{"href":"https:\/\/www.cristinacarrillo.com.pa\/index.php?rest_route=\/wp\/v2\/pages\/2608"}],"collection":[{"href":"https:\/\/www.cristinacarrillo.com.pa\/index.php?rest_route=\/wp\/v2\/pages"}],"about":[{"href":"https:\/\/www.cristinacarrillo.com.pa\/index.php?rest_route=\/wp\/v2\/types\/page"}],"author":[{"embeddable":true,"href":"https:\/\/www.cristinacarrillo.com.pa\/index.php?rest_route=\/wp\/v2\/users\/2"}],"replies":[{"embeddable":true,"href":"https:\/\/www.cristinacarrillo.com.pa\/index.php?rest_route=%2Fwp%2Fv2%2Fcomments&post=2608"}],"version-history":[{"count":4,"href":"https:\/\/www.cristinacarrillo.com.pa\/index.php?rest_route=\/wp\/v2\/pages\/2608\/revisions"}],"predecessor-version":[{"id":9146,"href":"https:\/\/www.cristinacarrillo.com.pa\/index.php?rest_route=\/wp\/v2\/pages\/2608\/revisions\/9146"}],"up":[{"embeddable":true,"href":"https:\/\/www.cristinacarrillo.com.pa\/index.php?rest_route=\/wp\/v2\/pages\/1337"}],"wp:attachment":[{"href":"https:\/\/www.cristinacarrillo.com.pa\/index.php?rest_route=%2Fwp%2Fv2%2Fmedia&parent=2608"}],"curies":[{"name":"wp","href":"https:\/\/api.w.org\/{rel}","templated":true}]}}