{"id":3681,"date":"2021-05-27T14:57:14","date_gmt":"2021-05-27T19:57:14","guid":{"rendered":"http:\/\/www.cristinacarrillo.com.pa\/?page_id=3681"},"modified":"2021-05-27T15:00:33","modified_gmt":"2021-05-27T20:00:33","slug":"funcion-de-medio-ano-2021","status":"publish","type":"page","link":"https:\/\/www.cristinacarrillo.com.pa\/?page_id=3681","title":{"rendered":"Funcion de Medio A\u00f1o 2021"},"content":{"rendered":"\t\t<div data-elementor-type=\"wp-page\" data-elementor-id=\"3681\" class=\"elementor elementor-3681\" data-elementor-settings=\"[]\">\n\t\t\t\t\t\t<div class=\"elementor-inner\">\n\t\t\t\t\t\t\t<div class=\"elementor-section-wrap\">\n\t\t\t\t\t\t\t<section class=\"elementor-section elementor-top-section elementor-element elementor-element-4e91f77 elementor-section-boxed elementor-section-height-default elementor-section-height-default\" data-id=\"4e91f77\" data-element_type=\"section\">\n\t\t\t\t\t\t<div class=\"elementor-container elementor-column-gap-default\">\n\t\t\t\t\t\t\t<div class=\"elementor-row\">\n\t\t\t\t\t<div class=\"elementor-column elementor-col-100 elementor-top-column elementor-element elementor-element-2863d65\" data-id=\"2863d65\" data-element_type=\"column\">\n\t\t\t<div class=\"elementor-column-wrap elementor-element-populated\">\n\t\t\t\t\t\t\t<div class=\"elementor-widget-wrap\">\n\t\t\t\t\t\t<div class=\"elementor-element elementor-element-619ecc0 elementor-widget elementor-widget-heading\" data-id=\"619ecc0\" data-element_type=\"widget\" data-widget_type=\"heading.default\">\n\t\t\t\t<div class=\"elementor-widget-container\">\n\t\t\t<h2 class=\"elementor-heading-title elementor-size-default\">Galer\u00eda - Funci\u00f3n de Medio A\u00f1o<\/h2>\t\t<\/div>\n\t\t\t\t<\/div>\n\t\t\t\t<div class=\"elementor-element elementor-element-e48727c elementor-arrows-position-inside elementor-pagination-position-outside elementor-widget elementor-widget-image-carousel\" data-id=\"e48727c\" data-element_type=\"widget\" data-settings=\"{&quot;slides_to_show&quot;:&quot;3&quot;,&quot;slides_to_scroll&quot;:&quot;1&quot;,&quot;navigation&quot;:&quot;both&quot;,&quot;autoplay&quot;:&quot;yes&quot;,&quot;pause_on_hover&quot;:&quot;yes&quot;,&quot;pause_on_interaction&quot;:&quot;yes&quot;,&quot;autoplay_speed&quot;:5000,&quot;infinite&quot;:&quot;yes&quot;,&quot;speed&quot;:500}\" data-widget_type=\"image-carousel.default\">\n\t\t\t\t<div class=\"elementor-widget-container\">\n\t\t\t\t\t<div class=\"elementor-image-carousel-wrapper swiper-container\" dir=\"ltr\">\n\t\t\t<div class=\"elementor-image-carousel swiper-wrapper\">\n\t\t\t\t<div class=\"swiper-slide\"><figure class=\"swiper-slide-inner\"><img decoding=\"async\" class=\"swiper-slide-image\" src=\"https:\/\/www.cristinacarrillo.com.pa\/wp-content\/uploads\/2017\/05\/1620584681506.jpg\" alt=\"1620584681506\" \/><\/figure><\/div><div class=\"swiper-slide\"><figure class=\"swiper-slide-inner\"><img decoding=\"async\" class=\"swiper-slide-image\" src=\"https:\/\/www.cristinacarrillo.com.pa\/wp-content\/uploads\/2017\/05\/1620584681707.jpg\" alt=\"1620584681707\" \/><\/figure><\/div><div class=\"swiper-slide\"><figure class=\"swiper-slide-inner\"><img decoding=\"async\" class=\"swiper-slide-image\" src=\"https:\/\/www.cristinacarrillo.com.pa\/wp-content\/uploads\/2017\/05\/1620584681694.jpg\" alt=\"1620584681694\" \/><\/figure><\/div><div class=\"swiper-slide\"><figure class=\"swiper-slide-inner\"><img decoding=\"async\" class=\"swiper-slide-image\" src=\"https:\/\/www.cristinacarrillo.com.pa\/wp-content\/uploads\/2017\/05\/1620584681681.jpg\" alt=\"1620584681681\" \/><\/figure><\/div><div class=\"swiper-slide\"><figure class=\"swiper-slide-inner\"><img decoding=\"async\" class=\"swiper-slide-image\" src=\"https:\/\/www.cristinacarrillo.com.pa\/wp-content\/uploads\/2017\/05\/1620584681669.jpg\" alt=\"1620584681669\" \/><\/figure><\/div><div class=\"swiper-slide\"><figure class=\"swiper-slide-inner\"><img decoding=\"async\" class=\"swiper-slide-image\" src=\"https:\/\/www.cristinacarrillo.com.pa\/wp-content\/uploads\/2017\/05\/1620584681651.jpg\" alt=\"1620584681651\" \/><\/figure><\/div><div class=\"swiper-slide\"><figure class=\"swiper-slide-inner\"><img decoding=\"async\" class=\"swiper-slide-image\" src=\"https:\/\/www.cristinacarrillo.com.pa\/wp-content\/uploads\/2017\/05\/1620584681638.jpg\" alt=\"1620584681638\" \/><\/figure><\/div><div class=\"swiper-slide\"><figure class=\"swiper-slide-inner\"><img decoding=\"async\" class=\"swiper-slide-image\" src=\"https:\/\/www.cristinacarrillo.com.pa\/wp-content\/uploads\/2017\/05\/1620584681626.jpg\" alt=\"1620584681626\" \/><\/figure><\/div><div class=\"swiper-slide\"><figure class=\"swiper-slide-inner\"><img decoding=\"async\" class=\"swiper-slide-image\" src=\"https:\/\/www.cristinacarrillo.com.pa\/wp-content\/uploads\/2017\/05\/1620584681614.jpg\" alt=\"1620584681614\" \/><\/figure><\/div><div class=\"swiper-slide\"><figure class=\"swiper-slide-inner\"><img decoding=\"async\" class=\"swiper-slide-image\" src=\"https:\/\/www.cristinacarrillo.com.pa\/wp-content\/uploads\/2017\/05\/1620584681602.jpg\" alt=\"1620584681602\" \/><\/figure><\/div><div class=\"swiper-slide\"><figure class=\"swiper-slide-inner\"><img decoding=\"async\" class=\"swiper-slide-image\" src=\"https:\/\/www.cristinacarrillo.com.pa\/wp-content\/uploads\/2017\/05\/1620584681589.jpg\" alt=\"1620584681589\" \/><\/figure><\/div><div class=\"swiper-slide\"><figure class=\"swiper-slide-inner\"><img decoding=\"async\" class=\"swiper-slide-image\" src=\"https:\/\/www.cristinacarrillo.com.pa\/wp-content\/uploads\/2017\/05\/1620584681563.jpg\" alt=\"1620584681563\" \/><\/figure><\/div><div class=\"swiper-slide\"><figure class=\"swiper-slide-inner\"><img decoding=\"async\" class=\"swiper-slide-image\" src=\"https:\/\/www.cristinacarrillo.com.pa\/wp-content\/uploads\/2017\/05\/1620584681550.jpg\" alt=\"1620584681550\" \/><\/figure><\/div><div class=\"swiper-slide\"><figure class=\"swiper-slide-inner\"><img decoding=\"async\" class=\"swiper-slide-image\" src=\"https:\/\/www.cristinacarrillo.com.pa\/wp-content\/uploads\/2017\/05\/1620584681536.jpg\" alt=\"1620584681536\" \/><\/figure><\/div><div class=\"swiper-slide\"><figure class=\"swiper-slide-inner\"><img decoding=\"async\" class=\"swiper-slide-image\" src=\"https:\/\/www.cristinacarrillo.com.pa\/wp-content\/uploads\/2017\/05\/1620584681521.jpg\" alt=\"1620584681521\" \/><\/figure><\/div>\t\t\t<\/div>\n\t\t\t\t\t\t\t\t\t\t\t\t<div class=\"swiper-pagination\"><\/div>\n\t\t\t\t\t\t\t\t\t\t\t\t\t<div class=\"elementor-swiper-button elementor-swiper-button-prev\">\n\t\t\t\t\t\t<i class=\"eicon-chevron-left\" aria-hidden=\"true\"><\/i>\n\t\t\t\t\t\t<span class=\"elementor-screen-only\">Anterior<\/span>\n\t\t\t\t\t<\/div>\n\t\t\t\t\t<div class=\"elementor-swiper-button elementor-swiper-button-next\">\n\t\t\t\t\t\t<i class=\"eicon-chevron-right\" aria-hidden=\"true\"><\/i>\n\t\t\t\t\t\t<span class=\"elementor-screen-only\">Siguiente<\/span>\n\t\t\t\t\t<\/div>\n\t\t\t\t\t\t\t\t\t<\/div>\n\t\t\t\t<\/div>\n\t\t\t\t<\/div>\n\t\t\t\t\t\t<\/div>\n\t\t\t\t\t<\/div>\n\t\t<\/div>\n\t\t\t\t\t\t\t\t<\/div>\n\t\t\t\t\t<\/div>\n\t\t<\/section>\n\t\t\t\t\t\t<\/div>\n\t\t\t\t\t\t<\/div>\n\t\t\t\t\t<\/div>\n\t\t","protected":false},"excerpt":{"rendered":"<p>Galer\u00eda &#8211; Funci\u00f3n de Medio A\u00f1o Anterior Siguiente<\/p>\n","protected":false},"author":1,"featured_media":0,"parent":0,"menu_order":0,"comment_status":"closed","ping_status":"closed","template":"","meta":{"footnotes":""},"_links":{"self":[{"href":"https:\/\/www.cristinacarrillo.com.pa\/index.php?rest_route=\/wp\/v2\/pages\/3681"}],"collection":[{"href":"https:\/\/www.cristinacarrillo.com.pa\/index.php?rest_route=\/wp\/v2\/pages"}],"about":[{"href":"https:\/\/www.cristinacarrillo.com.pa\/index.php?rest_route=\/wp\/v2\/types\/page"}],"author":[{"embeddable":true,"href":"https:\/\/www.cristinacarrillo.com.pa\/index.php?rest_route=\/wp\/v2\/users\/1"}],"replies":[{"embeddable":true,"href":"https:\/\/www.cristinacarrillo.com.pa\/index.php?rest_route=%2Fwp%2Fv2%2Fcomments&post=3681"}],"version-history":[{"count":2,"href":"https:\/\/www.cristinacarrillo.com.pa\/index.php?rest_route=\/wp\/v2\/pages\/3681\/revisions"}],"predecessor-version":[{"id":3697,"href":"https:\/\/www.cristinacarrillo.com.pa\/index.php?rest_route=\/wp\/v2\/pages\/3681\/revisions\/3697"}],"wp:attachment":[{"href":"https:\/\/www.cristinacarrillo.com.pa\/index.php?rest_route=%2Fwp%2Fv2%2Fmedia&parent=3681"}],"curies":[{"name":"wp","href":"https:\/\/api.w.org\/{rel}","templated":true}]}}